{"id":481,"date":"2024-01-31T20:07:31","date_gmt":"2024-01-31T19:07:31","guid":{"rendered":"https:\/\/izanauzokrazia.eus\/?page_id=481"},"modified":"2024-02-18T20:44:32","modified_gmt":"2024-02-18T19:44:32","slug":"prestakuntza","status":"publish","type":"page","link":"https:\/\/izanauzokrazia.eus\/es\/prestakuntza\/","title":{"rendered":"Formaci\u00f3n"},"content":{"rendered":"<h1 class=\"wp-block-heading H1_izan has-text-color has-link-color wp-elements-9553dc07d811f5a1febcccab76cccd46\" style=\"color:#005c41\"><strong>PRESTAKUNTZA<\/strong><\/h1>\n\n\n\n<p><strong>En este curso impartido por Javier de Soberan\u00eda Hol\u00edstica <\/strong>vamos a dar un paso m\u00e1s para poder defendernos en base a la ley natural frente al ticket jai, a los impuestos, peajes, IBI, impuesto de circulaci\u00f3n, identificaci\u00f3n policial, etc.<\/p>\n\n\n\n<p>- Para participar hay que invertir 20 \u20ac. Para inscribirse mandar un mensaje al watxap\/telegram al 690311429.\u00a0 <\/p>\n\n\n\n<p>- En el curso se dar\u00e1 una estructura de como redactar, como iniciar desarrollar y concluir un documento y las formalidades que este debe llevar y luego se informar\u00e1 de leyes y legislaci\u00f3n y apoyo en cuanto a la ley natural para varios supuestos.<\/p>\n\n\n\n<p>- Tambi\u00e9n se dar\u00e1 alg\u00fan modelo para que sea m\u00e1s f\u00e1cil luego completarlo.<\/p>\n\n\n\n<figure class=\"wp-block-image size-full\"><img loading=\"lazy\" decoding=\"async\" width=\"478\" height=\"450\" src=\"https:\/\/izanauzokrazia.eus\/wp-content\/uploads\/2024\/01\/240204-Ikastaroa.jpg\" alt=\"\" class=\"wp-image-482\" srcset=\"https:\/\/izanauzokrazia.eus\/wp-content\/uploads\/2024\/01\/240204-Ikastaroa.jpg 478w, https:\/\/izanauzokrazia.eus\/wp-content\/uploads\/2024\/01\/240204-Ikastaroa-300x282.jpg 300w, https:\/\/izanauzokrazia.eus\/wp-content\/uploads\/2024\/01\/240204-Ikastaroa-13x12.jpg 13w\" sizes=\"auto, (max-width: 478px) 100vw, 478px\" \/><\/figure>","protected":false},"excerpt":{"rendered":"<p>PRESTAKUNTZA Soberan\u00eda Holisticako Javierrek eskainitako ikastaro honetan lege naturala erabiliz, honako hauei aurre egiteko azalpen eta laguntza praktikoak eskainiko dira: mota askotako zergak, ticket jai,&hellip;<\/p>","protected":false},"author":2,"featured_media":0,"parent":0,"menu_order":0,"comment_status":"closed","ping_status":"closed","template":"","meta":{"footnotes":""},"class_list":["post-481","page","type-page","status-publish","hentry"],"_links":{"self":[{"href":"https:\/\/izanauzokrazia.eus\/es\/wp-json\/wp\/v2\/pages\/481","targetHints":{"allow":["GET"]}}],"collection":[{"href":"https:\/\/izanauzokrazia.eus\/es\/wp-json\/wp\/v2\/pages"}],"about":[{"href":"https:\/\/izanauzokrazia.eus\/es\/wp-json\/wp\/v2\/types\/page"}],"author":[{"embeddable":true,"href":"https:\/\/izanauzokrazia.eus\/es\/wp-json\/wp\/v2\/users\/2"}],"replies":[{"embeddable":true,"href":"https:\/\/izanauzokrazia.eus\/es\/wp-json\/wp\/v2\/comments?post=481"}],"version-history":[{"count":3,"href":"https:\/\/izanauzokrazia.eus\/es\/wp-json\/wp\/v2\/pages\/481\/revisions"}],"predecessor-version":[{"id":811,"href":"https:\/\/izanauzokrazia.eus\/es\/wp-json\/wp\/v2\/pages\/481\/revisions\/811"}],"wp:attachment":[{"href":"https:\/\/izanauzokrazia.eus\/es\/wp-json\/wp\/v2\/media?parent=481"}],"curies":[{"name":"wp","href":"https:\/\/api.w.org\/{rel}","templated":true}]}}