{"id":365,"date":"2023-12-20T10:34:57","date_gmt":"2023-12-20T09:34:57","guid":{"rendered":"https:\/\/izanauzokrazia.eus\/?page_id=365"},"modified":"2025-01-06T22:48:27","modified_gmt":"2025-01-06T21:48:27","slug":"osasuna","status":"publish","type":"page","link":"https:\/\/izanauzokrazia.eus\/es\/osasuna\/","title":{"rendered":"Salud"},"content":{"rendered":"<h1 class=\"wp-block-heading H1_izan has-text-color has-link-color wp-elements-cf3816af7a2cb0778d4843578f5b20a5\" style=\"color:#005c41\"><strong>Salud<\/strong><\/h1>\n\n\n\n<h2 class=\"wp-block-heading H2_izan has-text-color has-link-color wp-elements-4c025d4f06db61fab1889464660ef932\" style=\"color:#005c41\"><strong>Estatu Batuetako Legebiltzarraren txostena: Covid Estatu Batuetako Armadak sortu zuen eta maskara, urruntasuna&#8230; iruzurra izan dira<\/strong><\/h2>\n\n\n\n<p>El demoledor informe del Congreso de Estados Unidos que han tardado en hacer 2 a\u00f1os y que no es lo rotundo que debiera, y que ya hemos mencionado en este canal con el programa de radio de Cesar Vidal, cada vez se est\u00e1 dando m\u00e1s a conocer. Liberum lo ha traducido al castellano, Izan Auzokrazia ha empezado a traducirlo al euskera y ha aparecido en un peri\u00f3dico conocido como El Mundo.<\/p>\n\n\n\n<p><strong>Informe original<\/strong> en ingles: <a href=\"https:\/\/oversight.house.gov\/wp-content\/uploads\/2024\/12\/12.04.2024-SSCP-FINAL-REPORT.pdf\"><strong>INFORME<\/strong><\/a><\/p>\n\n\n\n<p><strong>Informe en castellano<\/strong> (traducci\u00f3n realizada por Liberum)<a href=\"https:\/\/liberumasociacion.org\/informepostpandemia\/\">: <strong>INFORME<\/strong><\/a><\/p>\n\n\n\n<p>Independentea <strong><a href=\"https:\/\/independentea.eus\/eta-drogak-behar-ditut-euskal-prentsan\/\" data-type=\"link\" data-id=\"https:\/\/independentea.eus\/eta-drogak-behar-ditut-euskal-prentsan\/\">Art\u00edculo<\/a><\/strong><\/p>\n\n\n\n<p>Resumen de El Objective <a href=\"https:\/\/theobjective.com\/elsubjetivo\/opinion\/2024-12-26\/pandemia-el-descredito-absoluto-de-la-politica\/\"><strong>en abierto. <\/strong><\/a><\/p>\n\n\n\n<p>Valoraci\u00f3n de C\u00e9sar Vidal<strong> <a href=\"https:\/\/www.cesarvidal.fm\/2022276\/episodes\/16227948-editorial-el-congreso-de-los-estados-unidos-revela-la-verdad-sobre-el-coronavirus-05-12-24\">en su programa de radio<\/a><\/strong><\/p>\n\n\n\n<p>Canarias Despierta (13 minutos)<strong><a href=\"https:\/\/odysee.com\/@canariasdespiertayunida:3\/INFORME-COVID-EEUU:0\" data-type=\"link\" data-id=\"https:\/\/odysee.com\/@canariasdespiertayunida:3\/INFORME-COVID-EEUU:0\"> Videoa<\/a><\/strong><\/p>\n\n\n\n<p>Agencia EFE (no est\u00e1 bien resumido) <strong><a href=\"https:\/\/efe.com\/mundo\/2024-12-02\/comite-eeuu-pandemia-covid19-fracaso-oms\/\" data-type=\"link\" data-id=\"https:\/\/efe.com\/mundo\/2024-12-02\/comite-eeuu-pandemia-covid19-fracaso-oms\/\">Noticia<\/a><\/strong><\/p>\n\n\n\n<p>Diario ABC<strong><a href=\"https:\/\/www.removepaywall.com\/search?url=https:\/\/www.abc.es\/sociedad\/informe-eeuu-sobre-covid-denuncia-imposiciones-arbitrarias-20241231043235-nt.html\" data-type=\"link\" data-id=\"https:\/\/www.removepaywall.com\/search?url=https:\/\/www.abc.es\/sociedad\/informe-eeuu-sobre-covid-denuncia-imposiciones-arbitrarias-20241231043235-nt.html\"> Noticia<\/a><\/strong><\/p>\n\n\n\n<p><strong>Resumen publicado en el Mundo<\/strong> que ha estado 3 d\u00edas en abierto pero ahora solo para los abonados: <strong><a href=\"https:\/\/www.elmundo.es\/cataluna\/2024\/12\/20\/6765c25de4d4d8ba388b457e.html\">resumen<\/a><\/strong><\/p>\n\n\n\n<p><strong>1-Fue una fuga del laboratorio de Wuhan <\/strong>se desbanca el contagio de origen animal. Fue y es un virus creado por el hombre, que apunta a un experimento de ganancia de funci\u00f3n financiado por EE.UU.<\/p>\n\n\n\n<p><strong>2-La obligatoriedad del uso de mascarillas no proven\u00eda de una evidencia cient\u00edfica concluyente.<\/strong>Mientras que el distanciamiento social fue una medida arbitraria tampoco basaba en la ciencia; para m\u00e1s sorna, el Dr. Fauci testific\u00f3 que esta medida \"simplemente apareci\u00f3\", sin m\u00e1s.<\/p>\n\n\n\n<p><strong>3-Los encierros domiciliarios prolongados causaron un \"da\u00f1o inconmensurable\"<\/strong> a la salud mental y f\u00edsica de los ciudadanos.<\/p>\n\n\n\n<p><strong>-La vacuna del Covid-19 no detuvo la propagaci\u00f3n ni la transmisi\u00f3n del virus<\/strong> y su aprobaci\u00f3n respondi\u00f3 a un plazo arbitrario. Fue una decisi\u00f3n pol\u00edtica, no sanitaria, por lo que su obligatoriedad (y el pasaporte sanitario) no estaba respaldada por la ciencia, causando m\u00e1s da\u00f1o que bien. No se inform\u00f3 adecuadamente sobre las lesiones que originaba y se deterior\u00f3 la confianza p\u00fablica en la seguridad de las vacunas. Obligar a ciudadanos sanos pisote\u00f3 las libertades individuales y no tuvo en cuenta la libertad m\u00e9dica. Adem\u00e1s, la Administraci\u00f3n no est\u00e1 siendo eficiente, justa ni transparente con las reclamaciones por las lesiones generadas.<\/p>\n\n\n\n<p>5-<strong>Ignoraron la inmunidad natural, y descalificaron otros f\u00e1rmacos eficaces ante la enfermedad.<\/strong> Para ello los funcionarios de salud p\u00fablica tambi\u00e9n se coordinaron y pudieron sacar al mercado e implementar la inoculaci\u00f3n de la vacuna experimental como \u00fanico medio de control de la enfermedad. <\/p>\n\n\n\n<p><strong>6-Se ejerci\u00f3 la censura de la informaci\u00f3n no oficial relativa a la pandemia:<\/strong> los funcionarios de salud p\u00fablica a menudo desinformaron a trav\u00e9s de mensajes conflictivos, reacciones viscerales, demonizaciones (p.e., la fuga de laboratorio o las vacunas). A su vez, la Administraci\u00f3n emple\u00f3 m\u00e9todos antidemocr\u00e1ticos y probablemente inconstitucionales, incluso presion\u00f3 a las compa\u00f1\u00edas de redes sociales para censurar contenidos.<\/p>\n\n\n\n<p><strong>7-Ha habido falta de eficacia y transparencia en el uso de fondos <\/strong>de los contribuyentes y de los programas de ayuda creados para abordar la pandemia de coronavirus, habi\u00e9ndose cometido corrupci\u00f3n, estafas y abuso de forma generalizada.<\/p>\n\n\n\n<p><strong>8-La respuesta de la OMS a la pandemia de Covid-19 fue un \"fracaso rotundo\"<\/strong> y con su prospectivo y vinculante Tratado de Pandemias puede da\u00f1ar la soberan\u00eda de un pa\u00eds.<\/p>\n\n\n\n<p><\/p>\n\n\n\n<p> <br><\/p>","protected":false},"excerpt":{"rendered":"<p>Osasuna Estatu Batuetako Legebiltzarraren txostena: Covid Estatu Batuetako Armadak sortu zuen eta maskara, urruntasuna&#8230; iruzurra izan dira Estatu Batuetako Kongresuaren txostenoso garrantzitsua ekarri digu, osatzeko&hellip;<\/p>","protected":false},"author":2,"featured_media":0,"parent":0,"menu_order":0,"comment_status":"closed","ping_status":"closed","template":"","meta":{"footnotes":""},"class_list":["post-365","page","type-page","status-publish","hentry"],"_links":{"self":[{"href":"https:\/\/izanauzokrazia.eus\/es\/wp-json\/wp\/v2\/pages\/365","targetHints":{"allow":["GET"]}}],"collection":[{"href":"https:\/\/izanauzokrazia.eus\/es\/wp-json\/wp\/v2\/pages"}],"about":[{"href":"https:\/\/izanauzokrazia.eus\/es\/wp-json\/wp\/v2\/types\/page"}],"author":[{"embeddable":true,"href":"https:\/\/izanauzokrazia.eus\/es\/wp-json\/wp\/v2\/users\/2"}],"replies":[{"embeddable":true,"href":"https:\/\/izanauzokrazia.eus\/es\/wp-json\/wp\/v2\/comments?post=365"}],"version-history":[{"count":31,"href":"https:\/\/izanauzokrazia.eus\/es\/wp-json\/wp\/v2\/pages\/365\/revisions"}],"predecessor-version":[{"id":1172,"href":"https:\/\/izanauzokrazia.eus\/es\/wp-json\/wp\/v2\/pages\/365\/revisions\/1172"}],"wp:attachment":[{"href":"https:\/\/izanauzokrazia.eus\/es\/wp-json\/wp\/v2\/media?parent=365"}],"curies":[{"name":"wp","href":"https:\/\/api.w.org\/{rel}","templated":true}]}}