{"id":3,"date":"2023-04-08T18:25:57","date_gmt":"2023-04-08T18:25:57","guid":{"rendered":"https:\/\/izanauzokrazia.eus\/?page_id=3"},"modified":"2024-01-04T19:59:30","modified_gmt":"2024-01-04T18:59:30","slug":"pribatutasun-politika","status":"publish","type":"page","link":"https:\/\/izanauzokrazia.eus\/es\/pribatutasun-politika\/","title":{"rendered":"Pribatutasun-politika"},"content":{"rendered":"<h2 class=\"wp-block-heading\">\u00bfQui\u00e9nes somos?<\/h2>\n\n\n\n<p>Nuestra direcci\u00f3n:  web https:\/\/izanauzokrazia.eus.<\/p>\n\n\n\n<h2 class=\"wp-block-heading\">Comentarios<\/h2>\n\n\n\n<p>Cuando las personas visitantes dejen comentarios, recogeremos los datos que aparecen en el formulario de comentarios, as\u00ed como la direcci\u00f3n IP del visitante y la cadena de usuario del navegador para poder detectar spam.<\/p>\n\n\n\n<p>Zure helbide elektronikotik sortutako kate anonimo bat (hash ere deitua) Gravatar zerbitzura eraman zaitzake erabiltzen ari zaren ikusteko. Gravatar zerbitzuaren pribatutasun politika hemen dago eskuragarri: https:\/\/automattic.com\/privacy \/. Zure iruzkina onartu ondoren, zure profileko argazkia jendeak ikusteko moduan dago zure iruzkinaren testuinguruan<\/p>\n\n\n\n<h2 class=\"wp-block-heading\">Media<\/h2>\n\n\n\n<p>Si se suben im\u00e1genes a la web, no se deben subir im\u00e1genes con datos de localizaci\u00f3n (EXIF GPS). Los visitantes de la web pueden descargar y extraer cualquier dato de localizaci\u00f3n de las im\u00e1genes de la p\u00e1gina web<\/p>\n\n\n\n<h2 class=\"wp-block-heading\">Cookies<\/h2>\n\n\n\n<p>Gure webgunean iruzkin bat uzten baduzu, zure izena, helbide elektronikoa eta webgunea gorde ditzakezu cookieetan. Zure erosotasunerako dira, beste komentario bat egiten duzunean zure xehetasunak berriro bete behar ez izateko. Cookie hauek urtebete iraungo dute.<\/p>\n\n\n\n<p>Si visita nuestra p\u00e1gina de login, estableceremos una cookie temporal para saber si su navegador acepta las cookies. Esta cookie no contiene datos personales y se borra al cerrar el navegador.<\/p>\n\n\n\n<p>Saioa hastean, hainbat cookie ere ezarriko ditugu, zure saio-hasierako informazioa eta pantaila-bistaratzeko aukerak gordetzeko. Login cookieek bi egun irauten dute, eta pantailaren aukerek urtebete. &#8220;Gogoratu nitaz&#8221; aukeratzen baduzu, zure loginak bi aste iraungo du. Zure kontutik ateratzen bazara, login cookieak ezabatu egingo dira.<\/p>\n\n\n\n<p>Si editas o publicas un art\u00edculo, se guardar\u00e1 una cookie adicional en el navegador. Esta cookie no contiene datos personales e indica la identificaci\u00f3n postal del art\u00edculo que acabas de editar. Caduca al cabo de un d\u00eda.<\/p>\n\n\n\n<h2 class=\"wp-block-heading\">Contenidos introducidos desde otros sitios web<\/h2>\n\n\n\n<p>Los art\u00edculos de este sitio web pueden contener contenidos insertados (por ejemplo, v\u00eddeos, im\u00e1genes, art\u00edculos, etc.). Los contenidos de otras webs act\u00faan como si el visitante hubiera visitado la otra web de donde procede dicho contenido.<\/p>\n\n\n\n<p>Estos sitios web pueden recoger datos sobre ti, utilizar cookies, insertar un seguimiento adicional de terceros y supervisar tu interacci\u00f3n con el contenido insertado, as\u00ed como el seguimiento de tu interacci\u00f3n con el contenido insertado, si tienes una cuenta y est\u00e1s registrado en ese sitio web.<\/p>\n\n\n\n<h2 class=\"wp-block-heading\">\u00bfCon qui\u00e9n compartimos sus datos?<\/h2>\n\n\n\n<p>Si solicita la reposici\u00f3n de contrase\u00f1a, su direcci\u00f3n IP acceder\u00e1 a la direcci\u00f3n electr\u00f3nica de reenv\u00edo.<\/p>\n\n\n\n<h2 class=\"wp-block-heading\">\u00bfCu\u00e1nto tiempo guardaremos tus datos?<\/h2>\n\n\n\n<p>Si deja un comentario, el comentario y sus metadatos se mantendr\u00e1n indefinidamente. Por lo tanto, podemos conocer y aceptar autom\u00e1ticamente cualquier comentario de seguimiento en lugar de mantenerlo en una fila de moderaci\u00f3n<\/p>\n\n\n\n<p>Para las personas usuarias que se registran en nuestra web (si la hay), tambi\u00e9n guardamos en el perfil de los usuarios la informaci\u00f3n personal que ofrecen. Todos los usuarios pueden ver, editar o borrar su informaci\u00f3n personal en cualquier momento (salvo que no puedan cambiar su nombre de usuario). Los administradores de sitios web tambi\u00e9n pueden ver y editar esta informaci\u00f3n.<\/p>\n\n\n\n<h2 class=\"wp-block-heading\">\u00bfQu\u00e9 derechos tiene sobre sus datos?<\/h2>\n\n\n\n<p>Si tiene alguna cuenta en este sitio web o ha dejado alg\u00fan comentario, puede solicitar que reciba un fichero exportado de sus datos personales, incluyendo todos los datos que nos ha facilitado. Tambi\u00e9n puedes solicitar la supresi\u00f3n de tus datos personales. Esto no incluye datos que tengamos que guardar para fines administrativos, legales o de seguridad.<\/p>\n\n\n\n<h2 class=\"wp-block-heading\">\u00bfD\u00f3nde se env\u00edan sus datos?<\/h2>\n\n\n\n<p>Los comentarios de las personas visitantes se pueden comprobar a trav\u00e9s de un servicio automatizado de detecci\u00f3n con spam.<strong class=\"privacy-policy-tutorial\"><\/strong><\/p>","protected":false},"excerpt":{"rendered":"<p>Nor gara? Gure web helbidea https:\/\/izanauzokrazia.eus. Iruzkinak Bisitariek iruzkinak uzten dituztenean, iruzkinen formularioan agertzen diren datuak jasoko ditugu, eta baita bisitariaren IP helbidea eta nabigatzailearen&hellip;<\/p>","protected":false},"author":1,"featured_media":0,"parent":0,"menu_order":0,"comment_status":"closed","ping_status":"open","template":"","meta":{"footnotes":""},"class_list":["post-3","page","type-page","status-publish","hentry"],"_links":{"self":[{"href":"https:\/\/izanauzokrazia.eus\/es\/wp-json\/wp\/v2\/pages\/3","targetHints":{"allow":["GET"]}}],"collection":[{"href":"https:\/\/izanauzokrazia.eus\/es\/wp-json\/wp\/v2\/pages"}],"about":[{"href":"https:\/\/izanauzokrazia.eus\/es\/wp-json\/wp\/v2\/types\/page"}],"author":[{"embeddable":true,"href":"https:\/\/izanauzokrazia.eus\/es\/wp-json\/wp\/v2\/users\/1"}],"replies":[{"embeddable":true,"href":"https:\/\/izanauzokrazia.eus\/es\/wp-json\/wp\/v2\/comments?post=3"}],"version-history":[{"count":3,"href":"https:\/\/izanauzokrazia.eus\/es\/wp-json\/wp\/v2\/pages\/3\/revisions"}],"predecessor-version":[{"id":440,"href":"https:\/\/izanauzokrazia.eus\/es\/wp-json\/wp\/v2\/pages\/3\/revisions\/440"}],"wp:attachment":[{"href":"https:\/\/izanauzokrazia.eus\/es\/wp-json\/wp\/v2\/media?parent=3"}],"curies":[{"name":"wp","href":"https:\/\/api.w.org\/{rel}","templated":true}]}}