{"id":21,"date":"2023-04-09T19:04:23","date_gmt":"2023-04-09T17:04:23","guid":{"rendered":"https:\/\/izanauzokrazia.eus\/?page_id=21"},"modified":"2024-04-07T07:16:49","modified_gmt":"2024-04-07T05:16:49","slug":"egitaraurako-ideiak","status":"publish","type":"page","link":"https:\/\/izanauzokrazia.eus\/es\/egitaraurako-ideiak\/","title":{"rendered":"Programa"},"content":{"rendered":"<h1 class=\"wp-block-heading H1_izan has-text-color has-link-color wp-elements-48f0a0ea162a0660c145ca76149b7df3\" style=\"color:#005c41\"><strong>PROGRAMA<\/strong><\/h1>\n\n\n\n<p class=\"translation-block\">IZAN AUZOKRAZIA somos un movimiento social y pol\u00edtico que defendemos la soberan\u00eda de las personas y la de los pueblos para decidir sobre nuestro futuro. Nos unimos para parar la estrategia y los objetivos de la Agenda 2030 globalista y articular una respuesta unitaria contra el avance del totalitarismo estatal, la destrucci\u00f3n de nuestra econom\u00eda, los ataques a los derechos y libertades, a la salud, as\u00ed como a las identidades de los pueblos.<\/p>\n\n\n\n<p><strong>Programa de Izan Auzokrazia<\/strong>, <strong>para el Parlamento Vasco<\/strong><\/p>\n\n\n\n<p><strong>Ejes<\/strong><br>1) Ejes<\/p>\n\n\n\n<p><strong>Alimentaci\u00f3n y Naturaleza<\/strong><br>2) Agricultura, ganader\u00eda y pesca<br>3) Distribuci\u00f3n<br>4) Silvicultura (Bosques)<br>6) Medio ambiente<\/p>\n\n\n\n<p><strong>Econom\u00eda<\/strong><br>6) Empresas<br>7) Comercio<br>8) Finanzas<br>9) Movilidad<\/p>\n\n\n\n<p><strong>Servicios p\u00fablicos<\/strong><br>10) Educaci\u00f3n<br>11) Sanidad<br>12) Vivienda<br>13) Justicia y derechos<br>14) Otros servicios de las administraciones<br>15) Participaci\u00f3n<br>16) Internacional y cooperaci\u00f3n<\/p>\n\n\n\n<p><strong>Sociedad<\/strong><br>18 ) Familias, demograf\u00eda y g\u00e9nero<br>19) Infancia<br>20) J\u00f3venes<br>21) Emigraci\u00f3n<br>22) Personas mayores y con diversidad funcional<br>23) Cultura, lenguas, historia, etnograf\u00eda <br>23) Animales<\/p>\n\n\n\n<p><a href=\"https:\/\/izanauzokrazia.eus\/wp-content\/uploads\/2024\/04\/1-Izan-Programa-2024-4.pdf\"><strong>PROGRAMA-2024.pdf<\/strong><\/a><\/p>\n\n\n\n<figure class=\"wp-block-image size-large\"><img loading=\"lazy\" decoding=\"async\" width=\"722\" height=\"1024\" src=\"https:\/\/izanauzokrazia.eus\/wp-content\/uploads\/2024\/04\/Gaz-scaled.jpg\" alt=\"\" class=\"wp-image-1007\" srcset=\"https:\/\/izanauzokrazia.eus\/wp-content\/uploads\/2024\/04\/Gaz-scaled.jpg 1804w, https:\/\/izanauzokrazia.eus\/wp-content\/uploads\/2024\/04\/Gaz-211x300.jpg 211w, https:\/\/izanauzokrazia.eus\/wp-content\/uploads\/2024\/04\/Gaz-722x1024.jpg 722w, https:\/\/izanauzokrazia.eus\/wp-content\/uploads\/2024\/04\/Gaz-768x1090.jpg 768w, https:\/\/izanauzokrazia.eus\/wp-content\/uploads\/2024\/04\/Gaz-1082x1536.jpg 1082w, https:\/\/izanauzokrazia.eus\/wp-content\/uploads\/2024\/04\/Gaz-1443x2048.jpg 1443w, https:\/\/izanauzokrazia.eus\/wp-content\/uploads\/2024\/04\/Gaz-8x12.jpg 8w\" sizes=\"auto, (max-width: 722px) 100vw, 722px\" \/><\/figure>\n\n\n\n<p><strong>Las 5 bases de la Auzocracia:<\/strong><\/p>\n\n\n\n<ol class=\"wp-block-list\" style=\"list-style-type:1\">\n<li><strong>Batzarrea o asamblea.<\/strong> 1.\tEl batzarre o Concejo local o sectorial ser\u00e1 el centro de decisi\u00f3n. Ser\u00e1 quien proponga, prepare, etc. las propuestas a trasladar a ayuntamientos, diputaciones, etc. Los presupuestos y temas importantes se votar\u00e1n cada a\u00f1o entre todo el pueblo. Las personas portavoces llevar\u00e1n la voz del Batzarre a la instituci\u00f3n y cada a\u00f1o se turnar\u00e1n o podr\u00e1n volver a ser elegidos-as. Cobrar\u00e1n solo dietas, no sueldos u otro tipo de prebendas.<\/li>\n\n\n\n<li><strong>El Comunal<\/strong> Se impulsar\u00e1 el comunal que son los bienes p\u00fablicos controlados por el pueblo, que tiene que gestionar tambi\u00e9n las escuelas, la atenci\u00f3n primaria sanitaria, la justicia de primera instancia, la electricidad, el agua...<\/li>\n\n\n\n<li><strong>Auzonales o Veredas <\/strong>Se har\u00e1n auzolanes como medio para crear red social, conocimiento grupal y para ayudar a disminuir los impuestos.<\/li>\n\n\n\n<li><strong>Derecho Pirenaico.<\/strong> El batzarre se regir\u00e1 por el Derecho Pirenaico o Consuetudinario actualizado y se har\u00e1 el pase foral a mandatos externos lesivos al pueblo.<\/li>\n\n\n\n<li><strong>Gizabidea o Humanismo.<\/strong> printzipioen arabera zuzenduko da: lanaren balioa, zintzotasuna, iritzi desberdinak bateratzen saiatzea, etab<\/li>\n<\/ol>","protected":false},"excerpt":{"rendered":"<p>PROGRAMA Izan Auzokrazia herriaren boteraren aldeko mugimendu bat gara. Auzokrazia gizartea behetik gora antolatzeko tresna bat da, Euskal Herrian foruak kendu aurretik martxan zegoenaren ikuspegian&hellip;<\/p>","protected":false},"author":1,"featured_media":0,"parent":0,"menu_order":0,"comment_status":"closed","ping_status":"closed","template":"","meta":{"footnotes":""},"class_list":["post-21","page","type-page","status-publish","hentry"],"_links":{"self":[{"href":"https:\/\/izanauzokrazia.eus\/es\/wp-json\/wp\/v2\/pages\/21","targetHints":{"allow":["GET"]}}],"collection":[{"href":"https:\/\/izanauzokrazia.eus\/es\/wp-json\/wp\/v2\/pages"}],"about":[{"href":"https:\/\/izanauzokrazia.eus\/es\/wp-json\/wp\/v2\/types\/page"}],"author":[{"embeddable":true,"href":"https:\/\/izanauzokrazia.eus\/es\/wp-json\/wp\/v2\/users\/1"}],"replies":[{"embeddable":true,"href":"https:\/\/izanauzokrazia.eus\/es\/wp-json\/wp\/v2\/comments?post=21"}],"version-history":[{"count":24,"href":"https:\/\/izanauzokrazia.eus\/es\/wp-json\/wp\/v2\/pages\/21\/revisions"}],"predecessor-version":[{"id":1013,"href":"https:\/\/izanauzokrazia.eus\/es\/wp-json\/wp\/v2\/pages\/21\/revisions\/1013"}],"wp:attachment":[{"href":"https:\/\/izanauzokrazia.eus\/es\/wp-json\/wp\/v2\/media?parent=21"}],"curies":[{"name":"wp","href":"https:\/\/api.w.org\/{rel}","templated":true}]}}